{"id":12396,"date":"2025-08-25T01:25:13","date_gmt":"2025-08-24T22:25:13","guid":{"rendered":"https:\/\/skinbeautybh.com\/?post_type=product&#038;p=12396"},"modified":"2025-08-26T06:20:19","modified_gmt":"2025-08-26T03:20:19","slug":"lierac-regenerating-night-care-cream","status":"publish","type":"product","link":"https:\/\/skinbeautybh.com\/en_us\/product\/lierac-regenerating-night-care-cream\/","title":{"rendered":"Lierac Regenerating Night Care Cream"},"content":{"rendered":"","protected":false},"excerpt":{"rendered":"<p>\u064a\u0639\u0632\u0632 \u0643\u0631\u064a\u0645 Lift Integral Night Cream \u0628\u0646\u064a\u0629 \u0627\u0644\u062c\u0644\u062f \u0645\u0646 \u062e\u0644\u0627\u0644 \u0627\u0644\u0639\u0645\u0644 \u0639\u0644\u0649 \u0639\u0646\u0627\u0635\u0631\u0647 \u0627\u0644\u0623\u0633\u0627\u0633\u064a\u0629 (\u0627\u0644\u0643\u0648\u0644\u0627\u062c\u064a\u0646 \u0648\u0627\u0644\u0625\u064a\u0644\u0627\u0633\u062a\u064a\u0646 \u0648\u062d\u0645\u0636 \u0627\u0644\u0647\u064a\u0627\u0644\u0648\u0631\u0648\u0646\u064a\u0643)\u060c \u0648\u0644\u0643\u0646 \u0623\u064a\u0636\u0627 \u0639\u0644\u0649 \u0627\u0644\u0628\u0631\u0648\u062a\u064a\u0646\u0627\u062a \u0627\u0644\u0633\u0643\u0631\u064a\u0629 \u0627\u0644\u062a\u064a \u062a\u0631\u0628\u0637\u0647\u0627. \u064a\u0633\u062a\u0639\u064a\u062f \u0627\u0644\u062c\u0644\u062f \u062b\u0628\u0627\u062a\u0647 \u0648\u0645\u0631\u0648\u0646\u062a\u0647 \u0648\u0627\u0631\u062a\u062f\u0627\u062f\u0647\u060c \u0644\u0644\u062d\u0635\u0648\u0644 \u0639\u0644\u0649 \u062a\u0623\u062b\u064a\u0631 \u0631\u0641\u0639 \u0643\u0627\u0645\u0644.<\/p>\n<p>\u0627\u0644\u0645\u0644\u0645\u0633 \u0627\u0644\u0645\u0642\u0634\u0631 \u0648\u0627\u0644\u0645\u063a\u0644\u0641 \u0644\u0644\u063a\u0627\u064a\u0629 \u0644 La Cr\u00e8me Nuit R\u00e9g\u00e9n\u00e9rante \u064a\u063a\u0630\u064a \u0627\u0644\u0628\u0634\u0631\u0629 \u0628\u0634\u0643\u0644 \u0645\u0643\u062b\u0641 \u062f\u0648\u0646 \u0644\u0645\u0633\u0629 \u0646\u0647\u0627\u0626\u064a\u0629 \u0632\u064a\u062a\u064a\u0629.<\/p>\n","protected":false},"featured_media":12397,"comment_status":"open","ping_status":"closed","template":"","meta":[],"product_cat":[103],"product_tag":[],"class_list":{"0":"post-12396","1":"product","2":"type-product","3":"status-publish","4":"has-post-thumbnail","6":"product_cat-moisturizer","8":"first","9":"instock","10":"shipping-taxable","11":"purchasable","12":"product-type-simple"},"_links":{"self":[{"href":"https:\/\/skinbeautybh.com\/en_us\/wp-json\/wp\/v2\/product\/12396","targetHints":{"allow":["GET"]}}],"collection":[{"href":"https:\/\/skinbeautybh.com\/en_us\/wp-json\/wp\/v2\/product"}],"about":[{"href":"https:\/\/skinbeautybh.com\/en_us\/wp-json\/wp\/v2\/types\/product"}],"replies":[{"embeddable":true,"href":"https:\/\/skinbeautybh.com\/en_us\/wp-json\/wp\/v2\/comments?post=12396"}],"version-history":[{"count":1,"href":"https:\/\/skinbeautybh.com\/en_us\/wp-json\/wp\/v2\/product\/12396\/revisions"}],"predecessor-version":[{"id":12398,"href":"https:\/\/skinbeautybh.com\/en_us\/wp-json\/wp\/v2\/product\/12396\/revisions\/12398"}],"wp:featuredmedia":[{"embeddable":true,"href":"https:\/\/skinbeautybh.com\/en_us\/wp-json\/wp\/v2\/media\/12397"}],"wp:attachment":[{"href":"https:\/\/skinbeautybh.com\/en_us\/wp-json\/wp\/v2\/media?parent=12396"}],"wp:term":[{"taxonomy":"product_cat","embeddable":true,"href":"https:\/\/skinbeautybh.com\/en_us\/wp-json\/wp\/v2\/product_cat?post=12396"},{"taxonomy":"product_tag","embeddable":true,"href":"https:\/\/skinbeautybh.com\/en_us\/wp-json\/wp\/v2\/product_tag?post=12396"}],"curies":[{"name":"wp","href":"https:\/\/api.w.org\/{rel}","templated":true}]}}